{"id":1084,"date":"2025-10-24T18:05:59","date_gmt":"2025-10-24T18:05:59","guid":{"rendered":"https:\/\/testesite.jm2medical.com\/?page_id=1084"},"modified":"2025-10-30T10:50:29","modified_gmt":"2025-10-30T10:50:29","slug":"location","status":"publish","type":"page","link":"https:\/\/testesite.jm2medical.com\/en\/location\/","title":{"rendered":"Rent"},"content":{"rendered":"<div data-elementor-type=\"wp-page\" data-elementor-id=\"1084\" class=\"elementor elementor-1084\">\n\t\t\t\t\t\t<section class=\"elementor-section elementor-top-section elementor-element elementor-element-3877bf71 elementor-section-full_width elementor-section-height-default elementor-section-height-default\" data-id=\"3877bf71\" data-element_type=\"section\" data-e-type=\"section\" data-settings=\"{&quot;background_background&quot;:&quot;classic&quot;}\">\n\t\t\t\t\t\t<div class=\"elementor-container elementor-column-gap-default\">\n\t\t\t\t\t<div class=\"elementor-column elementor-col-100 elementor-top-column elementor-element elementor-element-6edeed0f\" data-id=\"6edeed0f\" data-element_type=\"column\" data-e-type=\"column\">\n\t\t\t<div class=\"elementor-widget-wrap elementor-element-populated\">\n\t\t\t\t\t\t\t<\/div>\n\t\t<\/div>\n\t\t\t\t\t<\/div>\n\t\t<\/section>\n\t\t\t\t<section class=\"elementor-section elementor-top-section elementor-element elementor-element-1e8c0b2f elementor-section-boxed elementor-section-height-default elementor-section-height-default\" data-id=\"1e8c0b2f\" data-element_type=\"section\" data-e-type=\"section\">\n\t\t\t\t\t\t<div class=\"elementor-container elementor-column-gap-default\">\n\t\t\t\t\t<div class=\"elementor-column elementor-col-100 elementor-top-column elementor-element elementor-element-277639f2\" data-id=\"277639f2\" data-element_type=\"column\" data-e-type=\"column\">\n\t\t\t<div class=\"elementor-widget-wrap elementor-element-populated\">\n\t\t\t\t\t\t<div class=\"elementor-element elementor-element-7cfbda9f elementor-widget elementor-widget-heading\" data-id=\"7cfbda9f\" data-element_type=\"widget\" data-e-type=\"widget\" data-widget_type=\"heading.default\">\n\t\t\t\t\t<h2 class=\"elementor-heading-title elementor-size-default\">Rent the Exceptional with ADPM Real Estate<\/h2>\t\t\t\t<\/div>\n\t\t\t\t<div class=\"elementor-element elementor-element-74084de2 elementor-widget elementor-widget-text-editor\" data-id=\"74084de2\" data-element_type=\"widget\" data-e-type=\"widget\" data-widget_type=\"text-editor.default\">\n\t\t\t\t\t\t\t\t\t<p>Rent the Exceptional with ADPM Real Estate<\/p><blockquote data-start=\"721\" data-end=\"763\"><p data-start=\"723\" data-end=\"763\">Renting with ADPM means enjoying:<\/p><\/blockquote><ul data-start=\"764\" data-end=\"1034\"><li data-start=\"764\" data-end=\"830\"><p data-start=\"766\" data-end=\"830\">Verified and compliant properties (legally approved documents)<\/p><\/li><li data-start=\"831\" data-end=\"871\"><p data-start=\"833\" data-end=\"871\">Simple and quick procedures<\/p><\/li><li data-start=\"872\" data-end=\"917\"><p data-start=\"874\" data-end=\"917\">Transparent and secure contracts<\/p><\/li><li data-start=\"918\" data-end=\"970\"><p data-start=\"920\" data-end=\"970\">Personalized advice based on your profile<\/p><\/li><li data-start=\"971\" data-end=\"1034\"><p data-start=\"973\" data-end=\"1034\">Support before, during, and after your move-in<\/p><\/li><\/ul>\t\t\t\t\t\t\t\t<\/div>\n\t\t\t\t<div class=\"elementor-element elementor-element-046d071 elementor-widget elementor-widget-heading\" data-id=\"046d071\" data-element_type=\"widget\" data-e-type=\"widget\" data-widget_type=\"heading.default\">\n\t\t\t\t\t<h2 class=\"elementor-heading-title elementor-size-default\">Find your next rental now<\/h2>\t\t\t\t<\/div>\n\t\t\t\t\t<\/div>\n\t\t<\/div>\n\t\t\t\t\t<\/div>\n\t\t<\/section>\n\t\t\t\t<section class=\"elementor-section elementor-top-section elementor-element elementor-element-5e4e4f7 elementor-section-boxed elementor-section-height-default elementor-section-height-default\" data-id=\"5e4e4f7\" data-element_type=\"section\" data-e-type=\"section\">\n\t\t\t\t\t\t<div class=\"elementor-container elementor-column-gap-default\">\n\t\t\t\t\t<div class=\"elementor-column elementor-col-100 elementor-top-column elementor-element elementor-element-69cf391d\" data-id=\"69cf391d\" data-element_type=\"column\" data-e-type=\"column\">\n\t\t\t<div class=\"elementor-widget-wrap elementor-element-populated\">\n\t\t\t\t\t\t<div class=\"elementor-element elementor-element-57976247 elementor-widget elementor-widget-shortcode\" data-id=\"57976247\" data-element_type=\"widget\" data-e-type=\"widget\" data-widget_type=\"shortcode.default\">\n\t\t\t\t\t\t\t<div class=\"elementor-shortcode\">    <style>\n    .ere-filtre-container {display:flex;flex-wrap:wrap;gap:10px;align-items:center;\n      background:#f9 f9f 9;padding:15px;border-radius:12px;box-shadow:0 2px 6px rgba(0,0,0,0.1);\n      font-family:system-ui,sans-serif;}\n    .ere-filtre-container select{padding:10px 14px;border:1px solid #ccc;border-radius:8px;\n      font-size:14px;flex:1 1 200px;background:#f ff;cursor:pointer;}\n    .ere-filtre-container button{background:#0a442 9;color:#fff;font-weight:600;border:none;\n      border-radius:8px;padding:10px 18px;cursor:pointer;transition:.2s;}\n    .ere-filtre-container button:hover{background:#116b3b;}\n    .ere-result-item{border-bottom:1px solid #eee;padding:12px 0}\n    <\/style>\n\n    <div class=\"ere-filtre-container\">\n        <select id=\"ere-type\">\n            <option value=\"\">Property Type<\/option>\n            <option value=\"maison\">House<\/option><option value=\"teste-type\">test type<\/option>        <\/select>\n        <select id=\"ere-ville\">\n            <option value=\"\">City<\/option>\n            <option value=\"ekounou\">Ekounou<\/option><option value=\"tonga\">tonga<\/option><option value=\"yaounde\">Yaounde<\/option>        <\/select>\n        <select id=\"ere-quartier\">\n            <option value=\"\">Neighborhood<\/option>\n            <option value=\"montisse\">montisse<\/option><option value=\"odza\">Odza<\/option><option value=\"test-me\">test me<\/option><option value=\"xxx\">xxx<\/option>        <\/select>\n        <button id=\"ere-btn\">Search<\/button>\n    <\/div>\n\n    <div id=\"ere-resultats\" style=\"margin-top:14px;\"><\/div>\n\n    <script>\n    jQuery(function($){\n        $('#ere-btn').on('click', function(){\n            const data = {\n                action: 'filtrer_ere',\n                type: $('#ere-type').val(),\n                ville: $('#ere-ville').val(),\n                quartier: $('#ere-quartier').val()\n            };\n            $.ajax({\n                url: 'https:\/\/testesite.jm2medical.com\/wp-admin\/admin-ajax.php',\n                type: 'POST',\n                data: data,\n                beforeSend: ()=>$('#ere-resultats').html('<p>Chargement des biens\u2026<\/p>'),\n                success: html => $('#ere-resultats').html(html),\n                error: ()=>$('#ere-resultats').html('<p>Erreur AJAX.<\/p>')\n            });\n        });\n    });\n    <\/script>\n    \n<\/div>\n\t\t\t\t\t\t<\/div>\n\t\t\t\t\t<\/div>\n\t\t<\/div>\n\t\t\t\t\t<\/div>\n\t\t<\/section>\n\t\t\t\t<section class=\"elementor-section elementor-top-section elementor-element elementor-element-03be666 elementor-section-boxed elementor-section-height-default elementor-section-height-default\" data-id=\"03be666\" data-element_type=\"section\" data-e-type=\"section\">\n\t\t\t\t\t\t<div class=\"elementor-container elementor-column-gap-default\">\n\t\t\t\t\t<div class=\"elementor-column elementor-col-100 elementor-top-column elementor-element elementor-element-3c8e586\" data-id=\"3c8e586\" data-element_type=\"column\" data-e-type=\"column\">\n\t\t\t<div class=\"elementor-widget-wrap elementor-element-populated\">\n\t\t\t\t<div class=\"elementor-element elementor-element-f273f65 e-grid e-con-full e-con e-parent\" data-id=\"f273f65\" data-element_type=\"container\" data-e-type=\"container\">\n\t\t\t\t<div class=\"elementor-element elementor-element-c888564 elementor-widget elementor-widget-text-editor\" data-id=\"c888564\" data-element_type=\"widget\" data-e-type=\"widget\" data-widget_type=\"text-editor.default\">\n\t\t\t\t\t\t\t\t\t<p>Can't find what you're looking for?<br data-start=\"1776\" data-end=\"1779\" \/>Entrust your search to us, we will find the property for you.<\/p>\t\t\t\t\t\t\t\t<\/div>\n\t\t\t\t<div class=\"elementor-element elementor-element-5f462a0 elementor-align-center elementor-absolute elementor-widget elementor-widget-button\" data-id=\"5f462a0\" data-element_type=\"widget\" data-e-type=\"widget\" data-settings=\"{&quot;_position&quot;:&quot;absolute&quot;}\" data-widget_type=\"button.default\">\n\t\t\t\t\t\t\t\t\t\t<a class=\"elementor-button elementor-button-link elementor-size-sm\" href=\"\/en\/a-propos-contact\/#contact-form\">\n\t\t\t\t\t\t<span class=\"elementor-button-content-wrapper\">\n\t\t\t\t\t\t\t\t\t<span class=\"elementor-button-text\">Contact Us<\/span>\n\t\t\t\t\t<\/span>\n\t\t\t\t\t<\/a>\n\t\t\t\t\t\t\t\t<\/div>\n\t\t\t\t<\/div>\n\t\t\t\t\t<\/div>\n\t\t<\/div>\n\t\t\t\t\t<\/div>\n\t\t<\/section>\n\t\t\t\t<section class=\"elementor-section elementor-top-section elementor-element elementor-element-ed2236d elementor-section-boxed elementor-section-height-default elementor-section-height-default\" data-id=\"ed2236d\" data-element_type=\"section\" data-e-type=\"section\" data-settings=\"{&quot;background_background&quot;:&quot;classic&quot;}\">\n\t\t\t\t\t\t\t<div class=\"elementor-background-overlay\"><\/div>\n\t\t\t\t\t\t\t<div class=\"elementor-container elementor-column-gap-default\">\n\t\t\t\t\t<div class=\"elementor-column elementor-col-33 elementor-top-column elementor-element elementor-element-63b665e\" data-id=\"63b665e\" data-element_type=\"column\" data-e-type=\"column\">\n\t\t\t<div class=\"elementor-widget-wrap elementor-element-populated\">\n\t\t\t\t\t\t<div class=\"elementor-element elementor-element-d760c2b elementor-align-center elementor-mobile-align-left elementor-widget elementor-widget-button\" data-id=\"d760c2b\" data-element_type=\"widget\" data-e-type=\"widget\" data-widget_type=\"button.default\">\n\t\t\t\t\t\t\t\t\t\t<a class=\"elementor-button elementor-button-link elementor-size-sm\" href=\"\/en\/a-propos-contact\/#contact-form\">\n\t\t\t\t\t\t<span class=\"elementor-button-content-wrapper\">\n\t\t\t\t\t\t\t\t\t<span class=\"elementor-button-text\">Contact Us<\/span>\n\t\t\t\t\t<\/span>\n\t\t\t\t\t<\/a>\n\t\t\t\t\t\t\t\t<\/div>\n\t\t\t\t\t<\/div>\n\t\t<\/div>\n\t\t\t\t<div class=\"elementor-column elementor-col-33 elementor-top-column elementor-element elementor-element-3c356b1\" data-id=\"3c356b1\" data-element_type=\"column\" data-e-type=\"column\" data-settings=\"{&quot;background_background&quot;:&quot;slideshow&quot;,&quot;background_slideshow_gallery&quot;:[],&quot;background_slideshow_loop&quot;:&quot;yes&quot;,&quot;background_slideshow_slide_duration&quot;:5000,&quot;background_slideshow_slide_transition&quot;:&quot;fade&quot;,&quot;background_slideshow_transition_duration&quot;:500}\">\n\t\t\t<div class=\"elementor-widget-wrap elementor-element-populated\">\n\t\t\t\t\t\t<div class=\"elementor-element elementor-element-c064b05 elementor-widget elementor-widget-text-editor\" data-id=\"c064b05\" data-element_type=\"widget\" data-e-type=\"widget\" data-widget_type=\"text-editor.default\">\n\t\t\t\t\t\t\t\t\t<p><strong data-start=\"2494\" data-end=\"2514\">ADPM Real Estate<\/strong>, a member of the <em data-start=\"2533\" data-end=\"2570\">African Diaspora Project Management<\/em>, supports the diaspora in developing real estate projects in Cameroon.<\/p>\t\t\t\t\t\t\t\t<\/div>\n\t\t\t\t\t<\/div>\n\t\t<\/div>\n\t\t\t\t<div class=\"elementor-column elementor-col-33 elementor-top-column elementor-element elementor-element-9f611ec\" data-id=\"9f611ec\" data-element_type=\"column\" data-e-type=\"column\">\n\t\t\t<div class=\"elementor-widget-wrap elementor-element-populated\">\n\t\t\t\t\t\t<div class=\"elementor-element elementor-element-6ed0786 elementor-widget elementor-widget-heading\" data-id=\"6ed0786\" data-element_type=\"widget\" data-e-type=\"widget\" data-widget_type=\"heading.default\">\n\t\t\t\t\t<h4 class=\"elementor-heading-title elementor-size-default\">Follow Us <\/h4>\t\t\t\t<\/div>\n\t\t\t\t<div class=\"elementor-element elementor-element-fd198a1 e-grid-align-mobile-left elementor-shape-rounded elementor-grid-0 e-grid-align-center elementor-widget elementor-widget-social-icons\" data-id=\"fd198a1\" data-element_type=\"widget\" data-e-type=\"widget\" data-widget_type=\"social-icons.default\">\n\t\t\t\t\t\t\t<div class=\"elementor-social-icons-wrapper elementor-grid\" role=\"list\">\n\t\t\t\t\t\t\t<span class=\"elementor-grid-item\" role=\"listitem\">\n\t\t\t\t\t<a class=\"elementor-icon elementor-social-icon elementor-social-icon-facebook-f elementor-animation-grow elementor-repeater-item-f0fc8e7\" href=\"https:\/\/www.facebook.com\/share\/17Moy1jmi812\" target=\"_blank\">\n\t\t\t\t\t\t<span class=\"elementor-screen-only\">Facebook-f<\/span>\n\t\t\t\t\t\t<svg aria-hidden=\"true\" class=\"e-font-icon-svg e-fab-facebook-f\" viewbox=\"0 0 320 512\" xmlns=\"http:\/\/www.w3.org\/2000\/svg\"><path d=\"M279.14 288l14.22-92.66h-88.91v-60.13c0-25.35 12.42-50.06 52.24-50.06h40.42V6.26S260.43 0 225.36 0c-73.22 0-121.08 44.38-121.08 124.72v70.62H22.89V288h81.39v224h100.17V288z\"><\/path><\/svg>\t\t\t\t\t<\/a>\n\t\t\t\t<\/span>\n\t\t\t\t\t\t\t<span class=\"elementor-grid-item\" role=\"listitem\">\n\t\t\t\t\t<a class=\"elementor-icon elementor-social-icon elementor-social-icon-tiktok elementor-animation-grow elementor-repeater-item-8576e8b\" href=\"https:\/\/www.tiktok.com\/@adpm315\" target=\"_blank\">\n\t\t\t\t\t\t<span class=\"elementor-screen-only\">https:\/\/www.tiktok.com\/@adpm315<\/span>\n\t\t\t\t\t\t<svg aria-hidden=\"true\" class=\"e-font-icon-svg e-fab-tiktok\" viewbox=\"0 0 448 512\" xmlns=\"http:\/\/www.w3.org\/2000\/svg\"><path d=\"M448,209.91a210.06,210.06,0,0,1-122.77-39.25V349.38A162.55,162.55,0,1,1,185,188.31V278.2a74.62,74.62,0,1,0,52.23,71.18V0l88,0a121.18,121.18,0,0,0,1.86,22.17h0A122.18,122.18,0,0,0,381,102.39a121.43,121.43,0,0,0,67,20.14Z\"><\/path><\/svg>\t\t\t\t\t<\/a>\n\t\t\t\t<\/span>\n\t\t\t\t\t\t\t<span class=\"elementor-grid-item\" role=\"listitem\">\n\t\t\t\t\t<a class=\"elementor-icon elementor-social-icon elementor-social-icon-youtube elementor-animation-grow elementor-repeater-item-58ba2ae\" href=\"https:\/\/www.youtube.com\/@africandiasporaprojectmana4949\" target=\"_blank\">\n\t\t\t\t\t\t<span class=\"elementor-screen-only\">https:\/\/www.youtube.com\/@africandiasporaprojectmana4949<\/span>\n\t\t\t\t\t\t<svg aria-hidden=\"true\" class=\"e-font-icon-svg e-fab-youtube\" viewbox=\"0 0 576 512\" xmlns=\"http:\/\/www.w3.org\/2000\/svg\"><path d=\"M549.655 124.083c-6.281-23.65-24.787-42.276-48.284-48.597C458.781 64 288 64 288 64S117.22 64 74.629 75.486c-23.497 6.322-42.003 24.947-48.284 48.597-11.412 42.867-11.412 132.305-11.412 132.305s0 89.438 11.412 132.305c6.281 23.65 24.787 41.5 48.284 47.821C117.22 448 288 448 288 448s170.78 0 213.371-11.486c23.497-6.321 42.003-24.171 48.284-47.821 11.412-42.867 11.412-132.305 11.412-132.305s0-89.438-11.412-132.305zm-317.51 213.508V175.185l142.739 81.205-142.739 81.201z\"><\/path><\/svg>\t\t\t\t\t<\/a>\n\t\t\t\t<\/span>\n\t\t\t\t\t\t\t<span class=\"elementor-grid-item\" role=\"listitem\">\n\t\t\t\t\t<a class=\"elementor-icon elementor-social-icon elementor-social-icon-linkedin-in elementor-animation-grow elementor-repeater-item-5c8ea0b\" target=\"_blank\">\n\t\t\t\t\t\t<span class=\"elementor-screen-only\">Linkedin-in<\/span>\n\t\t\t\t\t\t<svg aria-hidden=\"true\" class=\"e-font-icon-svg e-fab-linkedin-in\" viewbox=\"0 0 448 512\" xmlns=\"http:\/\/www.w3.org\/2000\/svg\"><path d=\"M100.28 448H7.4V148.9h92.88zM53.79 108.1C24.09 108.1 0 83.5 0 53.8a53.79 53.79 0 0 1 107.58 0c0 29.7-24.1 54.3-53.79 54.3zM447.9 448h-92.68V302.4c0-34.7-.7-79.2-48.29-79.2-48.29 0-55.69 37.7-55.69 76.7V448h-92.78V148.9h89.08v40.8h1.3c12.4-23.5 42.69-48.3 87.88-48.3 94 0 111.28 61.9 111.28 142.3V448z\"><\/path><\/svg>\t\t\t\t\t<\/a>\n\t\t\t\t<\/span>\n\t\t\t\t\t<\/div>\n\t\t\t\t\t\t<\/div>\n\t\t\t\t<div class=\"elementor-element elementor-element-5a490f9 elementor-widget elementor-widget-heading\" data-id=\"5a490f9\" data-element_type=\"widget\" data-e-type=\"widget\" data-widget_type=\"heading.default\">\n\t\t\t\t\t<h3 class=\"elementor-heading-title elementor-size-default\">ADPM Real Estate<\/h3>\t\t\t\t<\/div>\n\t\t\t\t<div class=\"elementor-element elementor-element-f7f71aa elementor-widget elementor-widget-text-editor\" data-id=\"f7f71aa\" data-element_type=\"widget\" data-e-type=\"widget\" data-widget_type=\"text-editor.default\">\n\t\t\t\t\t\t\t\t\t<p>Building the Nation starts with building your home.<\/p>\t\t\t\t\t\t\t\t<\/div>\n\t\t\t\t\t<\/div>\n\t\t<\/div>\n\t\t\t\t\t<\/div>\n\t\t<\/section>\n\t\t\t\t<\/div>","protected":false},"excerpt":{"rendered":"<p>Louez l\u2019exceptionnel avec ADPM Real Estate D\u00e9couvrez notre collection exclusive de biens de prestige au Cameroun. Louer avec ADPM, c\u2019est b\u00e9n\u00e9ficier de : Biens v\u00e9rifi\u00e9s et conformes (documents l\u00e9gaux valid\u00e9s) Proc\u00e9dures simples et rapides Contrats transparents et s\u00e9curis\u00e9s Conseils personnalis\u00e9s selon votre profil Accompagnement avant, pendant et apr\u00e8s l\u2019installation Recherchez votre future location d\u00e8s maintenant [&hellip;]<\/p>","protected":false},"author":1,"featured_media":0,"parent":0,"menu_order":0,"comment_status":"closed","ping_status":"closed","template":"","meta":{"footnotes":""},"class_list":["post-1084","page","type-page","status-publish","hentry"],"yoast_head":"<!-- This site is optimized with the Yoast SEO plugin v27.4 - https:\/\/yoast.com\/product\/yoast-seo-wordpress\/ -->\n<title>Location - adpmrealestat.jbworlddigitalmarketing.com<\/title>\n<meta name=\"robots\" content=\"index, follow, max-snippet:-1, max-image-preview:large, max-video-preview:-1\" \/>\n<link rel=\"canonical\" href=\"https:\/\/testesite.jm2medical.com\/en\/location\/\" \/>\n<meta property=\"og:locale\" content=\"en_GB\" \/>\n<meta property=\"og:type\" content=\"article\" \/>\n<meta property=\"og:title\" content=\"Location - adpmrealestat.jbworlddigitalmarketing.com\" \/>\n<meta property=\"og:description\" content=\"Louez l\u2019exceptionnel avec ADPM Real Estate D\u00e9couvrez notre collection exclusive de biens de prestige au Cameroun. Louer avec ADPM, c\u2019est b\u00e9n\u00e9ficier de : Biens v\u00e9rifi\u00e9s et conformes (documents l\u00e9gaux valid\u00e9s) Proc\u00e9dures simples et rapides Contrats transparents et s\u00e9curis\u00e9s Conseils personnalis\u00e9s selon votre profil Accompagnement avant, pendant et apr\u00e8s l\u2019installation Recherchez votre future location d\u00e8s maintenant [&hellip;]\" \/>\n<meta property=\"og:url\" content=\"https:\/\/testesite.jm2medical.com\/en\/location\/\" \/>\n<meta property=\"og:site_name\" content=\"adpmrealestat.jbworlddigitalmarketing.com\" \/>\n<meta property=\"article:modified_time\" content=\"2025-10-30T10:50:29+00:00\" \/>\n<meta name=\"twitter:card\" content=\"summary_large_image\" \/>\n<meta name=\"twitter:label1\" content=\"Estimated reading time\" \/>\n\t<meta name=\"twitter:data1\" content=\"1 minute\" \/>\n<script type=\"application\/ld+json\" class=\"yoast-schema-graph\">{\"@context\":\"https:\\\/\\\/schema.org\",\"@graph\":[{\"@type\":\"WebPage\",\"@id\":\"https:\\\/\\\/testesite.jm2medical.com\\\/location\\\/\",\"url\":\"https:\\\/\\\/testesite.jm2medical.com\\\/location\\\/\",\"name\":\"Location - adpmrealestat.jbworlddigitalmarketing.com\",\"isPartOf\":{\"@id\":\"https:\\\/\\\/testesite.jm2medical.com\\\/#website\"},\"datePublished\":\"2025-10-24T18:05:59+00:00\",\"dateModified\":\"2025-10-30T10:50:29+00:00\",\"breadcrumb\":{\"@id\":\"https:\\\/\\\/testesite.jm2medical.com\\\/location\\\/#breadcrumb\"},\"inLanguage\":\"en-GB\",\"potentialAction\":[{\"@type\":\"ReadAction\",\"target\":[\"https:\\\/\\\/testesite.jm2medical.com\\\/location\\\/\"]}]},{\"@type\":\"BreadcrumbList\",\"@id\":\"https:\\\/\\\/testesite.jm2medical.com\\\/location\\\/#breadcrumb\",\"itemListElement\":[{\"@type\":\"ListItem\",\"position\":1,\"name\":\"Home\",\"item\":\"https:\\\/\\\/testesite.jm2medical.com\\\/\"},{\"@type\":\"ListItem\",\"position\":2,\"name\":\"Location\"}]},{\"@type\":\"WebSite\",\"@id\":\"https:\\\/\\\/testesite.jm2medical.com\\\/#website\",\"url\":\"https:\\\/\\\/testesite.jm2medical.com\\\/\",\"name\":\"adpmrealestat.jbworlddigitalmarketing.com\",\"description\":\"\",\"publisher\":{\"@id\":\"https:\\\/\\\/testesite.jm2medical.com\\\/#organization\"},\"potentialAction\":[{\"@type\":\"SearchAction\",\"target\":{\"@type\":\"EntryPoint\",\"urlTemplate\":\"https:\\\/\\\/testesite.jm2medical.com\\\/?s={search_term_string}\"},\"query-input\":{\"@type\":\"PropertyValueSpecification\",\"valueRequired\":true,\"valueName\":\"search_term_string\"}}],\"inLanguage\":\"en-GB\"},{\"@type\":\"Organization\",\"@id\":\"https:\\\/\\\/testesite.jm2medical.com\\\/#organization\",\"name\":\"adpmrealestat.jbworlddigitalmarketing.com\",\"url\":\"https:\\\/\\\/testesite.jm2medical.com\\\/\",\"logo\":{\"@type\":\"ImageObject\",\"inLanguage\":\"en-GB\",\"@id\":\"https:\\\/\\\/testesite.jm2medical.com\\\/#\\\/schema\\\/logo\\\/image\\\/\",\"url\":\"https:\\\/\\\/testesite.jm2medical.com\\\/wp-content\\\/uploads\\\/2025\\\/10\\\/cropped-Designe-ADPM-2.png\",\"contentUrl\":\"https:\\\/\\\/testesite.jm2medical.com\\\/wp-content\\\/uploads\\\/2025\\\/10\\\/cropped-Designe-ADPM-2.png\",\"width\":1023,\"height\":473,\"caption\":\"adpmrealestat.jbworlddigitalmarketing.com\"},\"image\":{\"@id\":\"https:\\\/\\\/testesite.jm2medical.com\\\/#\\\/schema\\\/logo\\\/image\\\/\"}}]}<\/script>\n<!-- \/ Yoast SEO plugin. -->","yoast_head_json":{"title":"Location - adpmrealestat.jbworlddigitalmarketing.com","robots":{"index":"index","follow":"follow","max-snippet":"max-snippet:-1","max-image-preview":"max-image-preview:large","max-video-preview":"max-video-preview:-1"},"canonical":"https:\/\/testesite.jm2medical.com\/en\/location\/","og_locale":"en_GB","og_type":"article","og_title":"Location - adpmrealestat.jbworlddigitalmarketing.com","og_description":"Louez l\u2019exceptionnel avec ADPM Real Estate D\u00e9couvrez notre collection exclusive de biens de prestige au Cameroun. Louer avec ADPM, c\u2019est b\u00e9n\u00e9ficier de : Biens v\u00e9rifi\u00e9s et conformes (documents l\u00e9gaux valid\u00e9s) Proc\u00e9dures simples et rapides Contrats transparents et s\u00e9curis\u00e9s Conseils personnalis\u00e9s selon votre profil Accompagnement avant, pendant et apr\u00e8s l\u2019installation Recherchez votre future location d\u00e8s maintenant [&hellip;]","og_url":"https:\/\/testesite.jm2medical.com\/en\/location\/","og_site_name":"adpmrealestat.jbworlddigitalmarketing.com","article_modified_time":"2025-10-30T10:50:29+00:00","twitter_card":"summary_large_image","twitter_misc":{"Estimated reading time":"1 minute"},"schema":{"@context":"https:\/\/schema.org","@graph":[{"@type":"WebPage","@id":"https:\/\/testesite.jm2medical.com\/location\/","url":"https:\/\/testesite.jm2medical.com\/location\/","name":"Location - adpmrealestat.jbworlddigitalmarketing.com","isPartOf":{"@id":"https:\/\/testesite.jm2medical.com\/#website"},"datePublished":"2025-10-24T18:05:59+00:00","dateModified":"2025-10-30T10:50:29+00:00","breadcrumb":{"@id":"https:\/\/testesite.jm2medical.com\/location\/#breadcrumb"},"inLanguage":"en-GB","potentialAction":[{"@type":"ReadAction","target":["https:\/\/testesite.jm2medical.com\/location\/"]}]},{"@type":"BreadcrumbList","@id":"https:\/\/testesite.jm2medical.com\/location\/#breadcrumb","itemListElement":[{"@type":"ListItem","position":1,"name":"Home","item":"https:\/\/testesite.jm2medical.com\/"},{"@type":"ListItem","position":2,"name":"Location"}]},{"@type":"WebSite","@id":"https:\/\/testesite.jm2medical.com\/#website","url":"https:\/\/testesite.jm2medical.com\/","name":"adpmrealestat.jbworlddigitalmarketing.com","description":"","publisher":{"@id":"https:\/\/testesite.jm2medical.com\/#organization"},"potentialAction":[{"@type":"SearchAction","target":{"@type":"EntryPoint","urlTemplate":"https:\/\/testesite.jm2medical.com\/?s={search_term_string}"},"query-input":{"@type":"PropertyValueSpecification","valueRequired":true,"valueName":"search_term_string"}}],"inLanguage":"en-GB"},{"@type":"Organization","@id":"https:\/\/testesite.jm2medical.com\/#organization","name":"adpmrealestat.jbworlddigitalmarketing.com","url":"https:\/\/testesite.jm2medical.com\/","logo":{"@type":"ImageObject","inLanguage":"en-GB","@id":"https:\/\/testesite.jm2medical.com\/#\/schema\/logo\/image\/","url":"https:\/\/testesite.jm2medical.com\/wp-content\/uploads\/2025\/10\/cropped-Designe-ADPM-2.png","contentUrl":"https:\/\/testesite.jm2medical.com\/wp-content\/uploads\/2025\/10\/cropped-Designe-ADPM-2.png","width":1023,"height":473,"caption":"adpmrealestat.jbworlddigitalmarketing.com"},"image":{"@id":"https:\/\/testesite.jm2medical.com\/#\/schema\/logo\/image\/"}}]}},"_hostinger_reach_plugin_has_subscription_block":false,"_hostinger_reach_plugin_is_elementor":false,"_links":{"self":[{"href":"https:\/\/testesite.jm2medical.com\/en\/wp-json\/wp\/v2\/pages\/1084","targetHints":{"allow":["GET"]}}],"collection":[{"href":"https:\/\/testesite.jm2medical.com\/en\/wp-json\/wp\/v2\/pages"}],"about":[{"href":"https:\/\/testesite.jm2medical.com\/en\/wp-json\/wp\/v2\/types\/page"}],"author":[{"embeddable":true,"href":"https:\/\/testesite.jm2medical.com\/en\/wp-json\/wp\/v2\/users\/1"}],"replies":[{"embeddable":true,"href":"https:\/\/testesite.jm2medical.com\/en\/wp-json\/wp\/v2\/comments?post=1084"}],"version-history":[{"count":43,"href":"https:\/\/testesite.jm2medical.com\/en\/wp-json\/wp\/v2\/pages\/1084\/revisions"}],"predecessor-version":[{"id":1656,"href":"https:\/\/testesite.jm2medical.com\/en\/wp-json\/wp\/v2\/pages\/1084\/revisions\/1656"}],"wp:attachment":[{"href":"https:\/\/testesite.jm2medical.com\/en\/wp-json\/wp\/v2\/media?parent=1084"}],"curies":[{"name":"wp","href":"https:\/\/api.w.org\/{rel}","templated":true}]}}